{"id":126,"date":"2025-11-28T13:31:35","date_gmt":"2025-11-28T13:31:35","guid":{"rendered":"https:\/\/airleakcontrol.com\/?page_id=126"},"modified":"2026-01-13T14:29:14","modified_gmt":"2026-01-13T14:29:14","slug":"applications","status":"publish","type":"page","link":"https:\/\/airleakcontrol.com\/fr\/applications\/","title":{"rendered":"Domaine d&rsquo;applications"},"content":{"rendered":"\n<div class=\"wp-block-columns is-style-section-1 is-layout-flex wp-container-core-columns-is-layout-a5331a9e wp-block-columns-is-layout-flex is-style-section-1--1\" style=\"padding-top:0;padding-right:0;padding-bottom:0;padding-left:0\" data-aos=\"slide-left\">\n<div class=\"wp-block-column is-style-default is-layout-flow wp-block-column-is-layout-flow\" style=\"padding-top:0;padding-bottom:0\">\n<figure class=\"wp-block-image size-full\"><img data-recalc-dims=\"1\" loading=\"lazy\" decoding=\"async\" width=\"2560\" height=\"1920\" src=\"https:\/\/i0.wp.com\/airleakcontrol.com\/wp-content\/uploads\/2025\/12\/pexels-04iraq-1272398525-29711984-edited-1-scaled.jpg?resize=2560%2C1920&#038;ssl=1\" alt=\"\" class=\"wp-image-975\" srcset=\"https:\/\/i0.wp.com\/airleakcontrol.com\/wp-content\/uploads\/2025\/12\/pexels-04iraq-1272398525-29711984-edited-1-scaled.jpg?w=2560&amp;ssl=1 2560w, https:\/\/i0.wp.com\/airleakcontrol.com\/wp-content\/uploads\/2025\/12\/pexels-04iraq-1272398525-29711984-edited-1-scaled.jpg?resize=300%2C225&amp;ssl=1 300w, https:\/\/i0.wp.com\/airleakcontrol.com\/wp-content\/uploads\/2025\/12\/pexels-04iraq-1272398525-29711984-edited-1-scaled.jpg?resize=1024%2C768&amp;ssl=1 1024w, https:\/\/i0.wp.com\/airleakcontrol.com\/wp-content\/uploads\/2025\/12\/pexels-04iraq-1272398525-29711984-edited-1-scaled.jpg?resize=768%2C576&amp;ssl=1 768w, https:\/\/i0.wp.com\/airleakcontrol.com\/wp-content\/uploads\/2025\/12\/pexels-04iraq-1272398525-29711984-edited-1-scaled.jpg?resize=1536%2C1152&amp;ssl=1 1536w, https:\/\/i0.wp.com\/airleakcontrol.com\/wp-content\/uploads\/2025\/12\/pexels-04iraq-1272398525-29711984-edited-1-scaled.jpg?resize=2048%2C1536&amp;ssl=1 2048w\" sizes=\"auto, (max-width: 1000px) 100vw, 1000px\" \/><\/figure>\n<\/div>\n\n\n\n<div class=\"wp-block-column is-layout-flow wp-block-column-is-layout-flow\" style=\"padding-top:0;padding-right:var(--wp--preset--spacing--20);padding-bottom:0;flex-basis:500px\">\n<div style=\"height:34px\" aria-hidden=\"true\" class=\"wp-block-spacer\"><\/div>\n\n\n\n<h2 class=\"wp-block-heading\" style=\"margin-right:var(--wp--preset--spacing--20);margin-left:var(--wp--preset--spacing--20)\">AUTOMOBILE<\/h2>\n\n\n\n<p class=\"has-accent-3-color has-text-color has-link-color wp-elements-60770f9c3db41999c2ff2d635366ab5e\" style=\"margin-right:var(--wp--preset--spacing--20);margin-left:var(--wp--preset--spacing--20);font-size:clamp(0.875rem, 0.875rem + ((1vw - 0.2rem) * 0.667), 1.3rem);\"><strong>Pour une conduite fiable et s\u00e9curis\u00e9e.<\/strong><\/p>\n\n\n\n<div style=\"height:16px\" aria-hidden=\"true\" class=\"wp-block-spacer\"><\/div>\n\n\n\n<p class=\"has-accent-3-color has-text-color has-link-color wp-elements-f3a65fd1656a2abb94f1e72f63fbff9f\" style=\"margin-top:var(--wp--preset--spacing--20);margin-right:var(--wp--preset--spacing--20);margin-bottom:var(--wp--preset--spacing--20);margin-left:var(--wp--preset--spacing--20);font-size:clamp(0.875rem, 0.875rem + ((1vw - 0.2rem) * 0.667), 1.3rem);\">La performance des v\u00e9hicules d\u00e9pend de composants rigoureusement test\u00e9s et contr\u00f4l\u00e9s. Les instruments de mesure et de contr\u00f4le assurent la pr\u00e9cision des syst\u00e8mes de freinage, moteur, transmission et autres \u00e9quipements automobiles, garantissant s\u00e9curit\u00e9 et durabilit\u00e9.<\/p>\n<\/div>\n<\/div>\n\n\n\n<div style=\"height:31px\" aria-hidden=\"true\" class=\"wp-block-spacer\"><\/div>\n\n\n\n<div class=\"wp-block-columns is-style-section-1 is-layout-flex wp-container-core-columns-is-layout-a5331a9e wp-block-columns-is-layout-flex is-style-section-1--2\" style=\"padding-top:0;padding-right:0;padding-bottom:0;padding-left:0\" data-aos=\"slide-left\">\n<div class=\"wp-block-column is-style-default is-layout-flow wp-block-column-is-layout-flow\" style=\"padding-top:0;padding-bottom:0\">\n<figure class=\"wp-block-image size-full\"><img data-recalc-dims=\"1\" loading=\"lazy\" decoding=\"async\" width=\"2560\" height=\"1707\" src=\"https:\/\/i0.wp.com\/airleakcontrol.com\/wp-content\/uploads\/2025\/11\/pexels-andres-alaniz-461433202-29465456-scaled.jpg?resize=2560%2C1707&#038;ssl=1\" alt=\"\" class=\"wp-image-133\" srcset=\"https:\/\/i0.wp.com\/airleakcontrol.com\/wp-content\/uploads\/2025\/11\/pexels-andres-alaniz-461433202-29465456-scaled.jpg?w=2560&amp;ssl=1 2560w, https:\/\/i0.wp.com\/airleakcontrol.com\/wp-content\/uploads\/2025\/11\/pexels-andres-alaniz-461433202-29465456-scaled.jpg?resize=300%2C200&amp;ssl=1 300w, https:\/\/i0.wp.com\/airleakcontrol.com\/wp-content\/uploads\/2025\/11\/pexels-andres-alaniz-461433202-29465456-scaled.jpg?w=2000&amp;ssl=1 2000w\" sizes=\"auto, (max-width: 1000px) 100vw, 1000px\" \/><\/figure>\n<\/div>\n\n\n\n<div class=\"wp-block-column is-layout-flow wp-block-column-is-layout-flow\" style=\"padding-top:0;padding-right:var(--wp--preset--spacing--20);padding-bottom:0;flex-basis:500px\">\n<div style=\"height:34px\" aria-hidden=\"true\" class=\"wp-block-spacer\"><\/div>\n\n\n\n<h2 class=\"wp-block-heading\" style=\"margin-right:var(--wp--preset--spacing--20);margin-left:var(--wp--preset--spacing--20)\">OL\u00c9ODYNAMIC<\/h2>\n\n\n\n<p class=\"has-accent-3-color has-text-color has-link-color wp-elements-fdf7623c01b81301d2b029e4518603fa\" style=\"margin-right:var(--wp--preset--spacing--20);margin-left:var(--wp--preset--spacing--20);font-size:clamp(0.875rem, 0.875rem + ((1vw - 0.2rem) * 0.667), 1.3rem);\"><strong>Pour une performance industrielle optimale.<\/strong><\/p>\n\n\n\n<div style=\"height:16px\" aria-hidden=\"true\" class=\"wp-block-spacer\"><\/div>\n\n\n\n<p class=\"has-accent-3-color has-text-color has-link-color wp-elements-d952183b3226d02b19134834c3eb81d8\" style=\"margin-right:var(--wp--preset--spacing--20);margin-left:var(--wp--preset--spacing--20);font-size:clamp(0.875rem, 0.875rem + ((1vw - 0.2rem) * 0.667), 1.3rem);\">La fiabilit\u00e9 des syst\u00e8mes ol\u00e9odynamics d\u00e9pend de composants robustes et test\u00e9s pour r\u00e9sister aux pressions <\/p>\n\n\n\n<p class=\"has-accent-3-color has-text-color has-link-color wp-elements-f71983fb63b92eabfe3bce206fc7b998\" style=\"margin-top:var(--wp--preset--spacing--20);margin-right:var(--wp--preset--spacing--20);margin-bottom:var(--wp--preset--spacing--20);margin-left:var(--wp--preset--spacing--20);font-size:clamp(0.875rem, 0.875rem + ((1vw - 0.2rem) * 0.667), 1.3rem);\">et contraintes m\u00e9caniques. Un test pr\u00e9cis du d\u00e9bit, de la pression et de l\u2019\u00e9tanch\u00e9it\u00e9 est indispensable pour garantir un fonctionnement s\u00fbr et durable des v\u00e9rins, pompes, valves et autres \u00e9quipements hydrauliques.<\/p>\n<\/div>\n<\/div>\n\n\n\n<div style=\"height:31px\" aria-hidden=\"true\" class=\"wp-block-spacer\"><\/div>\n\n\n\n<div class=\"wp-block-columns is-style-section-1 is-layout-flex wp-container-core-columns-is-layout-a5331a9e wp-block-columns-is-layout-flex is-style-section-1--3\" style=\"padding-top:0;padding-right:0;padding-bottom:0;padding-left:0\" data-aos=\"slide-left\">\n<div class=\"wp-block-column is-style-default is-layout-flow wp-block-column-is-layout-flow\" style=\"padding-top:0;padding-bottom:0\">\n<figure class=\"wp-block-image size-full\"><img data-recalc-dims=\"1\" loading=\"lazy\" decoding=\"async\" width=\"2560\" height=\"1920\" src=\"https:\/\/i0.wp.com\/airleakcontrol.com\/wp-content\/uploads\/2025\/12\/pexels-heyho-7614540-edited-1-scaled.jpg?resize=2560%2C1920&#038;ssl=1\" alt=\"\" class=\"wp-image-960\" srcset=\"https:\/\/i0.wp.com\/airleakcontrol.com\/wp-content\/uploads\/2025\/12\/pexels-heyho-7614540-edited-1-scaled.jpg?w=2560&amp;ssl=1 2560w, https:\/\/i0.wp.com\/airleakcontrol.com\/wp-content\/uploads\/2025\/12\/pexels-heyho-7614540-edited-1-scaled.jpg?resize=300%2C225&amp;ssl=1 300w, https:\/\/i0.wp.com\/airleakcontrol.com\/wp-content\/uploads\/2025\/12\/pexels-heyho-7614540-edited-1-scaled.jpg?resize=1024%2C768&amp;ssl=1 1024w, https:\/\/i0.wp.com\/airleakcontrol.com\/wp-content\/uploads\/2025\/12\/pexels-heyho-7614540-edited-1-scaled.jpg?resize=768%2C576&amp;ssl=1 768w, https:\/\/i0.wp.com\/airleakcontrol.com\/wp-content\/uploads\/2025\/12\/pexels-heyho-7614540-edited-1-scaled.jpg?resize=1536%2C1152&amp;ssl=1 1536w, https:\/\/i0.wp.com\/airleakcontrol.com\/wp-content\/uploads\/2025\/12\/pexels-heyho-7614540-edited-1-scaled.jpg?resize=2048%2C1536&amp;ssl=1 2048w\" sizes=\"auto, (max-width: 1000px) 100vw, 1000px\" \/><\/figure>\n<\/div>\n\n\n\n<div class=\"wp-block-column is-layout-flow wp-block-column-is-layout-flow\" style=\"padding-top:0;padding-right:var(--wp--preset--spacing--20);padding-bottom:0;flex-basis:500px\">\n<div style=\"height:34px\" aria-hidden=\"true\" class=\"wp-block-spacer\"><\/div>\n\n\n\n<h2 class=\"wp-block-heading\" style=\"margin-right:var(--wp--preset--spacing--20);margin-left:var(--wp--preset--spacing--20)\">\u00c9LECTROM\u00c9NAGER<\/h2>\n\n\n\n<p class=\"has-accent-3-color has-text-color has-link-color wp-elements-615ef1e6138fc6fd519824208ffb28c1\" style=\"margin-right:var(--wp--preset--spacing--20);margin-left:var(--wp--preset--spacing--20);font-size:clamp(0.875rem, 0.875rem + ((1vw - 0.2rem) * 0.667), 1.3rem);\"><strong>Pour votre confort.<\/strong><\/p>\n\n\n\n<div style=\"height:16px\" aria-hidden=\"true\" class=\"wp-block-spacer\"><\/div>\n\n\n\n<p class=\"has-accent-3-color has-text-color has-link-color wp-elements-bbfe45e9f099cea09edbe8e9123f9dbb\" style=\"margin-top:0;margin-right:var(--wp--preset--spacing--20);margin-bottom:0;margin-left:var(--wp--preset--spacing--20);font-size:clamp(0.875rem, 0.875rem + ((1vw - 0.2rem) * 0.667), 1.3rem);\">La garantie du bon fonctionnement et de la durabilit\u00e9 d\u2019un appareil \u00e9lectrom\u00e9nager vient de l\u2019utilisation de composants fiables et test\u00e9s. <\/p>\n\n\n\n<p class=\"has-accent-3-color has-text-color has-link-color wp-elements-5fbf37d49bfa60937250d4185e61a22d\" style=\"margin-right:var(--wp--preset--spacing--20);margin-left:var(--wp--preset--spacing--20);font-size:clamp(0.875rem, 0.875rem + ((1vw - 0.2rem) * 0.667), 1.3rem);\">Un test appropri\u00e9 des composants m\u00e9caniques <\/p>\n\n\n\n<p class=\"has-accent-3-color has-text-color has-link-color wp-elements-d93963294f6f09164ca5a930cad5750d\" style=\"margin-top:var(--wp--preset--spacing--20);margin-right:var(--wp--preset--spacing--20);margin-bottom:var(--wp--preset--spacing--20);margin-left:var(--wp--preset--spacing--20);font-size:clamp(0.875rem, 0.875rem + ((1vw - 0.2rem) * 0.667), 1.3rem);\">et \u00e9lectroniques est la seule formule gagnante pour garantir la fiabilit\u00e9 des appareils tels que les fours, lave-linge, lave-vaisselle, smartphones et autres \u00e9quipements domestiques.<\/p>\n<\/div>\n<\/div>\n\n\n\n<div style=\"height:31px\" aria-hidden=\"true\" class=\"wp-block-spacer\"><\/div>\n\n\n\n<div class=\"wp-block-columns is-style-section-1 is-layout-flex wp-container-core-columns-is-layout-a5331a9e wp-block-columns-is-layout-flex is-style-section-1--4\" style=\"padding-top:0;padding-right:0;padding-bottom:0;padding-left:0\" data-aos=\"slide-left\">\n<div class=\"wp-block-column is-style-default is-layout-flow wp-block-column-is-layout-flow\" style=\"padding-top:0;padding-bottom:0\">\n<figure class=\"wp-block-image size-full\"><img data-recalc-dims=\"1\" loading=\"lazy\" decoding=\"async\" width=\"2560\" height=\"2053\" src=\"https:\/\/i0.wp.com\/airleakcontrol.com\/wp-content\/uploads\/2025\/12\/pexels-fr3nks-287237-scaled.jpg?resize=2560%2C2053&#038;ssl=1\" alt=\"\" class=\"wp-image-520\" srcset=\"https:\/\/i0.wp.com\/airleakcontrol.com\/wp-content\/uploads\/2025\/12\/pexels-fr3nks-287237-scaled.jpg?w=2560&amp;ssl=1 2560w, https:\/\/i0.wp.com\/airleakcontrol.com\/wp-content\/uploads\/2025\/12\/pexels-fr3nks-287237-scaled.jpg?resize=300%2C241&amp;ssl=1 300w, https:\/\/i0.wp.com\/airleakcontrol.com\/wp-content\/uploads\/2025\/12\/pexels-fr3nks-287237-scaled.jpg?resize=1024%2C821&amp;ssl=1 1024w, https:\/\/i0.wp.com\/airleakcontrol.com\/wp-content\/uploads\/2025\/12\/pexels-fr3nks-287237-scaled.jpg?resize=768%2C616&amp;ssl=1 768w, https:\/\/i0.wp.com\/airleakcontrol.com\/wp-content\/uploads\/2025\/12\/pexels-fr3nks-287237-scaled.jpg?resize=1536%2C1232&amp;ssl=1 1536w, https:\/\/i0.wp.com\/airleakcontrol.com\/wp-content\/uploads\/2025\/12\/pexels-fr3nks-287237-scaled.jpg?resize=2048%2C1642&amp;ssl=1 2048w\" sizes=\"auto, (max-width: 1000px) 100vw, 1000px\" \/><\/figure>\n<\/div>\n\n\n\n<div class=\"wp-block-column is-layout-flow wp-block-column-is-layout-flow\" style=\"padding-top:0;padding-right:var(--wp--preset--spacing--20);padding-bottom:0;flex-basis:500px\">\n<div style=\"height:34px\" aria-hidden=\"true\" class=\"wp-block-spacer\"><\/div>\n\n\n\n<h2 class=\"wp-block-heading\" style=\"margin-right:var(--wp--preset--spacing--20);margin-left:var(--wp--preset--spacing--20)\">M\u00c9DICAL<\/h2>\n\n\n\n<p class=\"has-accent-3-color has-text-color has-link-color wp-elements-49841e7d1203ac5b9b1956e16407f2ea\" style=\"margin-right:var(--wp--preset--spacing--20);margin-left:var(--wp--preset--spacing--20);font-size:clamp(0.875rem, 0.875rem + ((1vw - 0.2rem) * 0.667), 1.3rem);\"><strong>Pour des mesures pr\u00e9cises et fiables.<\/strong><\/p>\n\n\n\n<div style=\"height:16px\" aria-hidden=\"true\" class=\"wp-block-spacer\"><\/div>\n\n\n\n<p class=\"has-accent-3-color has-text-color has-link-color wp-elements-95db9bf7daab2e1b842b4f34ed4b3c8f\" style=\"margin-top:var(--wp--preset--spacing--20);margin-right:var(--wp--preset--spacing--20);margin-bottom:var(--wp--preset--spacing--20);margin-left:var(--wp--preset--spacing--20);font-size:clamp(0.875rem, 0.875rem + ((1vw - 0.2rem) * 0.667), 1.3rem);\">La fiabilit\u00e9 des instruments m\u00e9dicaux et de test repose sur des composants certifi\u00e9s et des contr\u00f4les rigoureux. <\/p>\n\n\n\n<p class=\"has-accent-3-color has-text-color has-link-color wp-elements-9b589dbdbd6d15b92739920ef4ac77bb\" style=\"margin-top:var(--wp--preset--spacing--20);margin-right:var(--wp--preset--spacing--20);margin-bottom:var(--wp--preset--spacing--20);margin-left:var(--wp--preset--spacing--20);font-size:clamp(0.875rem, 0.875rem + ((1vw - 0.2rem) * 0.667), 1.3rem);\">Chaque appareil est con\u00e7u pour mesurer, tester et diagnostiquer avec pr\u00e9cision, garantissant s\u00e9curit\u00e9, efficacit\u00e9 et durabilit\u00e9 dans les environnements m\u00e9dicaux et industriels.<\/p>\n<\/div>\n<\/div>\n\n\n\n<div style=\"height:29px\" aria-hidden=\"true\" class=\"wp-block-spacer\"><\/div>\n\n\n\n<div class=\"wp-block-columns is-style-section-1 is-layout-flex wp-container-core-columns-is-layout-a5331a9e wp-block-columns-is-layout-flex is-style-section-1--5\" style=\"padding-top:0;padding-right:0;padding-bottom:0;padding-left:0\" data-aos=\"slide-left\">\n<div class=\"wp-block-column is-style-default is-layout-flow wp-block-column-is-layout-flow\" style=\"padding-top:0;padding-bottom:0\">\n<figure class=\"wp-block-image size-full\"><img data-recalc-dims=\"1\" loading=\"lazy\" decoding=\"async\" width=\"2560\" height=\"1707\" src=\"https:\/\/i0.wp.com\/airleakcontrol.com\/wp-content\/uploads\/2025\/12\/pexels-atode-145512-scaled.jpg?resize=2560%2C1707&#038;ssl=1\" alt=\"\" class=\"wp-image-911\" srcset=\"https:\/\/i0.wp.com\/airleakcontrol.com\/wp-content\/uploads\/2025\/12\/pexels-atode-145512-scaled.jpg?w=2560&amp;ssl=1 2560w, https:\/\/i0.wp.com\/airleakcontrol.com\/wp-content\/uploads\/2025\/12\/pexels-atode-145512-scaled.jpg?resize=300%2C200&amp;ssl=1 300w, https:\/\/i0.wp.com\/airleakcontrol.com\/wp-content\/uploads\/2025\/12\/pexels-atode-145512-scaled.jpg?resize=1024%2C683&amp;ssl=1 1024w, https:\/\/i0.wp.com\/airleakcontrol.com\/wp-content\/uploads\/2025\/12\/pexels-atode-145512-scaled.jpg?resize=768%2C512&amp;ssl=1 768w, https:\/\/i0.wp.com\/airleakcontrol.com\/wp-content\/uploads\/2025\/12\/pexels-atode-145512-scaled.jpg?resize=1536%2C1024&amp;ssl=1 1536w, https:\/\/i0.wp.com\/airleakcontrol.com\/wp-content\/uploads\/2025\/12\/pexels-atode-145512-scaled.jpg?resize=2048%2C1365&amp;ssl=1 2048w\" sizes=\"auto, (max-width: 1000px) 100vw, 1000px\" \/><\/figure>\n<\/div>\n\n\n\n<div class=\"wp-block-column is-layout-flow wp-block-column-is-layout-flow\" style=\"padding-top:0;padding-right:var(--wp--preset--spacing--20);padding-bottom:0;flex-basis:500px\">\n<div style=\"height:34px\" aria-hidden=\"true\" class=\"wp-block-spacer\"><\/div>\n\n\n\n<h2 class=\"wp-block-heading\" style=\"margin-right:var(--wp--preset--spacing--20);margin-left:var(--wp--preset--spacing--20)\">SANITAIRE<\/h2>\n\n\n\n<p class=\"has-accent-3-color has-text-color has-link-color wp-elements-855f7a940e96d3733c22d3ebfd5e577a\" style=\"margin-right:var(--wp--preset--spacing--20);margin-left:var(--wp--preset--spacing--20);font-size:clamp(0.875rem, 0.875rem + ((1vw - 0.2rem) * 0.667), 1.3rem);\"><strong>Pour votre s\u00e9curit\u00e9 et confort.<\/strong><\/p>\n\n\n\n<div style=\"height:16px\" aria-hidden=\"true\" class=\"wp-block-spacer\"><\/div>\n\n\n\n<p class=\"has-accent-3-color has-text-color has-link-color wp-elements-d600f38f4952fa9e4e3870612b3a9acf\" style=\"margin-top:var(--wp--preset--spacing--20);margin-right:var(--wp--preset--spacing--20);margin-bottom:var(--wp--preset--spacing--20);margin-left:var(--wp--preset--spacing--20);font-size:clamp(0.875rem, 0.875rem + ((1vw - 0.2rem) * 0.667), 1.3rem);\">La fiabilit\u00e9 des installations sanitaires repose sur des composants certifi\u00e9s et des tests pr\u00e9cis. <\/p>\n\n\n\n<p class=\"has-accent-3-color has-text-color has-link-color wp-elements-491aa4a7d3408c26dcf295f1084da885\" style=\"margin-top:var(--wp--preset--spacing--20);margin-right:var(--wp--preset--spacing--20);margin-bottom:var(--wp--preset--spacing--20);margin-left:var(--wp--preset--spacing--20);font-size:clamp(0.875rem, 0.875rem + ((1vw - 0.2rem) * 0.667), 1.3rem);\">Le contr\u00f4le du d\u00e9bit, de l\u2019\u00e9tanch\u00e9it\u00e9 et du fonctionnement assure la durabilit\u00e9 et la s\u00e9curit\u00e9 des robinets, canalisations, chauffe-eaux et autres \u00e9quipements sanitaires.<\/p>\n<\/div>\n<\/div>\n","protected":false},"excerpt":{"rendered":"<p>AUTOMOBILE Pour une conduite fiable et s\u00e9curis\u00e9e. La performance des v\u00e9hicules d\u00e9pend de composants rigoureusement test\u00e9s et contr\u00f4l\u00e9s. Les instruments de mesure et de contr\u00f4le assurent la pr\u00e9cision des syst\u00e8mes de freinage, moteur, transmission et autres \u00e9quipements automobiles, garantissant s\u00e9curit\u00e9 et durabilit\u00e9. OL\u00c9ODYNAMIC Pour une performance industrielle optimale. La fiabilit\u00e9 des syst\u00e8mes ol\u00e9odynamics d\u00e9pend de [&hellip;]<\/p>\n","protected":false},"author":1,"featured_media":0,"parent":0,"menu_order":0,"comment_status":"closed","ping_status":"closed","template":"","meta":{"_eb_attr":"","footnotes":""},"class_list":["post-126","page","type-page","status-publish","hentry"],"jetpack_sharing_enabled":true,"_links":{"self":[{"href":"https:\/\/airleakcontrol.com\/fr\/wp-json\/wp\/v2\/pages\/126","targetHints":{"allow":["GET"]}}],"collection":[{"href":"https:\/\/airleakcontrol.com\/fr\/wp-json\/wp\/v2\/pages"}],"about":[{"href":"https:\/\/airleakcontrol.com\/fr\/wp-json\/wp\/v2\/types\/page"}],"author":[{"embeddable":true,"href":"https:\/\/airleakcontrol.com\/fr\/wp-json\/wp\/v2\/users\/1"}],"replies":[{"embeddable":true,"href":"https:\/\/airleakcontrol.com\/fr\/wp-json\/wp\/v2\/comments?post=126"}],"version-history":[{"count":33,"href":"https:\/\/airleakcontrol.com\/fr\/wp-json\/wp\/v2\/pages\/126\/revisions"}],"predecessor-version":[{"id":1028,"href":"https:\/\/airleakcontrol.com\/fr\/wp-json\/wp\/v2\/pages\/126\/revisions\/1028"}],"wp:attachment":[{"href":"https:\/\/airleakcontrol.com\/fr\/wp-json\/wp\/v2\/media?parent=126"}],"curies":[{"name":"wp","href":"https:\/\/api.w.org\/{rel}","templated":true}]}}