{"id":434,"date":"2025-12-07T19:37:17","date_gmt":"2025-12-07T19:37:17","guid":{"rendered":"https:\/\/airleakcontrol.com\/?page_id=434"},"modified":"2025-12-14T16:04:35","modified_gmt":"2025-12-14T16:04:35","slug":"produits","status":"publish","type":"page","link":"https:\/\/airleakcontrol.com\/fr\/produits\/","title":{"rendered":"Produits"},"content":{"rendered":"\n<p class=\"has-text-align-center has-accent-2-color has-text-color has-link-color has-platypi-font-family has-x-large-font-size wp-elements-48d1152ca8f81bda480a13931d742148\"><strong>Solutions Professionnelles de Test &amp; Mesure Industrielle<\/strong><\/p>\n\n\n\n<div style=\"height:23px\" aria-hidden=\"true\" class=\"wp-block-spacer\"><\/div>\n\n\n\n<div class=\"wp-block-cover\" style=\"min-height:428px;aspect-ratio:unset;\"><img data-recalc-dims=\"1\" loading=\"lazy\" decoding=\"async\" width=\"441\" height=\"389\" class=\"wp-block-cover__image-background wp-image-129 size-full\" alt=\"\" src=\"https:\/\/i0.wp.com\/airleakcontrol.com\/wp-content\/uploads\/2025\/11\/macchina.jpg?resize=441%2C389&#038;ssl=1\" data-object-fit=\"cover\" srcset=\"https:\/\/i0.wp.com\/airleakcontrol.com\/wp-content\/uploads\/2025\/11\/macchina.jpg?w=441&amp;ssl=1 441w, https:\/\/i0.wp.com\/airleakcontrol.com\/wp-content\/uploads\/2025\/11\/macchina.jpg?resize=300%2C265&amp;ssl=1 300w\" sizes=\"auto, (max-width: 441px) 100vw, 441px\" \/><span aria-hidden=\"true\" class=\"wp-block-cover__background has-accent-3-background-color has-background-dim\"><\/span><div class=\"wp-block-cover__inner-container is-layout-flow wp-block-cover-is-layout-flow\">\n<div style=\"height:255px\" aria-hidden=\"true\" class=\"wp-block-spacer\"><\/div>\n\n\n\n<p class=\"has-text-align-left has-accent-1-color has-text-color has-link-color has-medium-font-size wp-elements-68f09f7cd309112550bc4a1bcea47940\"><strong>Nos solutions couvrent l\u2019ensemble du processus de contr\u00f4le : de la R&amp;D aux cha\u00eenes de production automatis\u00e9es.<br>Instruments pour test de fuite, mesure de pression, analyse de d\u00e9bit &amp; contr\u00f4le continu.<\/strong><\/p>\n<\/div><\/div>\n\n\n\n<div style=\"height:35px\" aria-hidden=\"true\" class=\"wp-block-spacer\"><\/div>\n\n\n<div class=\"root-eb-post-carousel-qpppl wp-block-essential-blocks-post-carousel\">\n    <div class=\"eb-parent-wrapper eb-parent-eb-post-carousel-qpppl \">\n        <div class=\"eb-post-carousel-qpppl style-2 slick-arrows equal-height dot-style-1 eb-post-carousel-wrapper\"\n            data-id=\"eb-post-carousel-qpppl\"\n            data-querydata=\"a:13:{s:6:&quot;source&quot;;s:4:&quot;post&quot;;s:11:&quot;sourceIndex&quot;;i:0;s:9:&quot;rest_base&quot;;s:5:&quot;posts&quot;;s:14:&quot;rest_namespace&quot;;s:5:&quot;wp\/v2&quot;;s:6:&quot;author&quot;;s:0:&quot;&quot;;s:10:&quot;taxonomies&quot;;a:0:{}s:8:&quot;per_page&quot;;s:1:&quot;6&quot;;s:6:&quot;offset&quot;;s:1:&quot;0&quot;;s:7:&quot;orderby&quot;;s:4:&quot;date&quot;;s:5:&quot;order&quot;;s:4:&quot;desc&quot;;s:7:&quot;include&quot;;s:0:&quot;&quot;;s:7:&quot;exclude&quot;;s:0:&quot;&quot;;s:15:&quot;exclude_current&quot;;b:0;}\"\n            data-slidersettings=\"{&quot;arrows&quot;:true,&quot;dots&quot;:true,&quot;autoplaySpeed&quot;:3000,&quot;speed&quot;:500,&quot;adaptiveHeight&quot;:true,&quot;autoplay&quot;:true,&quot;infinite&quot;:true,&quot;pauseOnHover&quot;:true,&quot;slideToShowRange&quot;:3,&quot;leftArrowIcon&quot;:&quot;fas fa-chevron-circle-left&quot;,&quot;rightArrowIcon&quot;:&quot;fas fa-chevron-circle-right&quot;,&quot;addIcon&quot;:false,&quot;showFallbackImg&quot;:false,&quot;fallbackImgUrl&quot;:&quot;&quot;,&quot;isRTLEnable&quot;:false,&quot;TABslideToShowRange&quot;:2,&quot;MOBslideToShowRange&quot;:1}\"\n            data-attributes=\"{&quot;preset&quot;:&quot;style-2&quot;,&quot;showThumbnail&quot;:true,&quot;showTitle&quot;:true,&quot;titleLength&quot;:&quot;10&quot;,&quot;titleTag&quot;:&quot;h2&quot;,&quot;showContent&quot;:true,&quot;contentLength&quot;:20,&quot;expansionIndicator&quot;:&quot;...&quot;,&quot;showReadMore&quot;:false,&quot;readmoreText&quot;:&quot;Read More&quot;,&quot;showMeta&quot;:false,&quot;headerMeta&quot;:&quot;[]&quot;,&quot;footerMeta&quot;:&quot;[]&quot;,&quot;authorPrefix&quot;:&quot;by&quot;,&quot;datePrefix&quot;:&quot;on&quot;,&quot;showBlockContent&quot;:true,&quot;leftArrowIcon&quot;:&quot;fas fa-chevron-circle-left&quot;,&quot;rightArrowIcon&quot;:&quot;fas fa-chevron-circle-right&quot;,&quot;showFallbackImg&quot;:false,&quot;isRTLEnable&quot;:false}\">\n\n            <div class=\"eb-post-carousel init-eb-post-carousel-qpppl\"\n                data-id=\"eb-post-carousel-qpppl\">\n                <article class=\"ebpg-carousel-post ebpg-post-carousel-column\" data-id=\"843\"><div class=\"ebpg-carousel-post-holder\"><div class=\"ebpg-entry-media\">\n                <div class=\"ebpg-entry-thumbnail\">\n                    <a class=\"ebpg-post-link-wrapper eb-sr-only\" href=\"https:\/\/airleakcontrol.com\/fr\/telecommandes\/\">T\u00e9l\u00e9commandes<\/a>\n                    <img loading=\"lazy\" decoding=\"async\" width=\"2560\" height=\"1707\" src=\"https:\/\/i0.wp.com\/airleakcontrol.com\/wp-content\/uploads\/2025\/12\/2548ac35-5403-48f2-9ad8-73e371e0bbbe-2-scaled.png?fit=2560%2C1707&amp;ssl=1\" class=\"attachment-full size-full\" alt=\"\" \/>\n                <\/div>\n            <\/div><div class=\"ebpg-entry-wrapper\"><header class=\"ebpg-entry-header\">\n            <h2 class=\"ebpg-entry-title\">\n                <a class=\"ebpg-carousel-post-link\" href=\"https:\/\/airleakcontrol.com\/fr\/telecommandes\/\" title=\"tlcommandes\">T\u00e9l\u00e9commandes<\/a>\n            <\/h2>\n        <\/header><div class=\"ebpg-entry-content\"><div class=\"ebpg-carousel-post-excerpt\">\n            <p>Accessoire parfaitement adapt\u00e9 \u00e0 nos appareils, ils permettent un contr\u00f4le simple de l\u2019appareilSuivant l\u2019accessoire, vous aurez un acc\u00e8s \u00e0 diff\u00e9rente&#8230;<\/p>\n        <\/div><\/div><\/div><\/div><\/article><article class=\"ebpg-carousel-post ebpg-post-carousel-column\" data-id=\"841\"><div class=\"ebpg-carousel-post-holder\"><div class=\"ebpg-entry-media\">\n                <div class=\"ebpg-entry-thumbnail\">\n                    <a class=\"ebpg-post-link-wrapper eb-sr-only\" href=\"https:\/\/airleakcontrol.com\/fr\/raccord-prise-interieur-rpi\/\">RACCORDS SPECIAUX<\/a>\n                    <img loading=\"lazy\" decoding=\"async\" width=\"1080\" height=\"1080\" src=\"https:\/\/i0.wp.com\/airleakcontrol.com\/wp-content\/uploads\/2025\/12\/produits-air-leak-conttrol-4.png?fit=1080%2C1080&amp;ssl=1\" class=\"attachment-full size-full\" alt=\"\" \/>\n                <\/div>\n            <\/div><div class=\"ebpg-entry-wrapper\"><header class=\"ebpg-entry-header\">\n            <h2 class=\"ebpg-entry-title\">\n                <a class=\"ebpg-carousel-post-link\" href=\"https:\/\/airleakcontrol.com\/fr\/raccord-prise-interieur-rpi\/\" title=\"raccordsspeciaux\">RACCORDS SPECIAUX<\/a>\n            <\/h2>\n        <\/header><div class=\"ebpg-entry-content\"><div class=\"ebpg-carousel-post-excerpt\">\n            <p>Destin\u00e9s \u00e0 l&rsquo;industrie, ces raccords offrent une s\u00e9curit\u00e9 accrue au niveau de l&rsquo;\u00e9tanch\u00e9it\u00e9 : la prise d&rsquo;\u00e9tanch\u00e9it\u00e9 s&rsquo;effectue soit par&#8230;<\/p>\n        <\/div><\/div><\/div><\/div><\/article><article class=\"ebpg-carousel-post ebpg-post-carousel-column\" data-id=\"611\"><div class=\"ebpg-carousel-post-holder\"><div class=\"ebpg-entry-media\">\n                <div class=\"ebpg-entry-thumbnail\">\n                    <a class=\"ebpg-post-link-wrapper eb-sr-only\" href=\"https:\/\/airleakcontrol.com\/fr\/la-fuite-etalon-dairleak-control\/\">La fuite \u00e9talon d&rsquo;AirLeak Control<\/a>\n                    <img loading=\"lazy\" decoding=\"async\" width=\"1080\" height=\"1080\" src=\"https:\/\/i0.wp.com\/airleakcontrol.com\/wp-content\/uploads\/2025\/12\/produits-air-leak-conttrol-1-2.png?fit=1080%2C1080&amp;ssl=1\" class=\"attachment-full size-full\" alt=\"\" \/>\n                <\/div>\n            <\/div><div class=\"ebpg-entry-wrapper\"><header class=\"ebpg-entry-header\">\n            <h2 class=\"ebpg-entry-title\">\n                <a class=\"ebpg-carousel-post-link\" href=\"https:\/\/airleakcontrol.com\/fr\/la-fuite-etalon-dairleak-control\/\" title=\"lafuitetalondairleakcontrol\">La fuite \u00e9talon d&rsquo;AirLeak Control<\/a>\n            <\/h2>\n        <\/header><div class=\"ebpg-entry-content\"><div class=\"ebpg-carousel-post-excerpt\">\n            <p>L&rsquo;Outil Indispensable pour la Validation M\u00e9trologiqueLa fuite \u00e9talon d&rsquo;Air Leak Control est un accessoire de haute pr\u00e9cision absolument crucial pour&#8230;<\/p>\n        <\/div><\/div><\/div><\/div><\/article><article class=\"ebpg-carousel-post ebpg-post-carousel-column\" data-id=\"491\"><div class=\"ebpg-carousel-post-holder\"><div class=\"ebpg-entry-media\">\n                <div class=\"ebpg-entry-thumbnail\">\n                    <a class=\"ebpg-post-link-wrapper eb-sr-only\" href=\"https:\/\/airleakcontrol.com\/fr\/le-tfp11-est-un-appareil-de-mesure-de-pression-et-de-detection-de-fuite\/\">Le TFP11 est un appareil de mesure de pression et de d\u00e9tection de fuite<\/a>\n                    <img loading=\"lazy\" decoding=\"async\" width=\"1080\" height=\"1080\" src=\"https:\/\/i0.wp.com\/airleakcontrol.com\/wp-content\/uploads\/2025\/12\/produits-air-leak-conttrol-14.png?fit=1080%2C1080&amp;ssl=1\" class=\"attachment-full size-full\" alt=\"\" \/>\n                <\/div>\n            <\/div><div class=\"ebpg-entry-wrapper\"><header class=\"ebpg-entry-header\">\n            <h2 class=\"ebpg-entry-title\">\n                <a class=\"ebpg-carousel-post-link\" href=\"https:\/\/airleakcontrol.com\/fr\/le-tfp11-est-un-appareil-de-mesure-de-pression-et-de-detection-de-fuite\/\" title=\"letfp11estunappareildemesuredepressionet\">Le TFP11 est un appareil de mesure de pression et<\/a>\n            <\/h2>\n        <\/header><div class=\"ebpg-entry-content\"><div class=\"ebpg-carousel-post-excerpt\">\n            <p>Le TFP11 est un appareil de mesure de pression et de d\u00e9tection de fuite con\u00e7u pour r\u00e9pondre aux exigences les&#8230;<\/p>\n        <\/div><\/div><\/div><\/div><\/article><article class=\"ebpg-carousel-post ebpg-post-carousel-column\" data-id=\"486\"><div class=\"ebpg-carousel-post-holder\"><div class=\"ebpg-entry-media\">\n                <div class=\"ebpg-entry-thumbnail\">\n                    <a class=\"ebpg-post-link-wrapper eb-sr-only\" href=\"https:\/\/airleakcontrol.com\/fr\/tf11-appareil-de-test-de-fuite-simplicite-dintegration-et-clarte-operationnelle\/\">TF11 Appareil de Test de Fuite : Simplicit\u00e9 d&rsquo;Int\u00e9gration et Clart\u00e9 Op\u00e9rationnelle<\/a>\n                    <img loading=\"lazy\" decoding=\"async\" width=\"1080\" height=\"1080\" src=\"https:\/\/i0.wp.com\/airleakcontrol.com\/wp-content\/uploads\/2025\/12\/produits-air-leak-conttrol-11.png?fit=1080%2C1080&amp;ssl=1\" class=\"attachment-full size-full\" alt=\"\" \/>\n                <\/div>\n            <\/div><div class=\"ebpg-entry-wrapper\"><header class=\"ebpg-entry-header\">\n            <h2 class=\"ebpg-entry-title\">\n                <a class=\"ebpg-carousel-post-link\" href=\"https:\/\/airleakcontrol.com\/fr\/tf11-appareil-de-test-de-fuite-simplicite-dintegration-et-clarte-operationnelle\/\" title=\"tf11appareildetestdefuite:simplicitdintgrationet\">TF11 Appareil de Test de Fuite : Simplicit\u00e9 d&rsquo;Int\u00e9gration et<\/a>\n            <\/h2>\n        <\/header><div class=\"ebpg-entry-content\"><div class=\"ebpg-carousel-post-excerpt\">\n            <p>Le TF11 est un appareil de test de fuite compact et polyvalent, con\u00e7u pour r\u00e9pondre aux exigences du milieu industriel&#8230;<\/p>\n        <\/div><\/div><\/div><\/div><\/article><article class=\"ebpg-carousel-post ebpg-post-carousel-column\" data-id=\"477\"><div class=\"ebpg-carousel-post-holder\"><div class=\"ebpg-entry-media\">\n                <div class=\"ebpg-entry-thumbnail\">\n                    <a class=\"ebpg-post-link-wrapper eb-sr-only\" href=\"https:\/\/airleakcontrol.com\/fr\/ct11-architecture-modulaire-pour-la-haute-performance-et-la-flexibilite\/\">CT11 : Architecture Modulaire pour la Haute Performance et la Flexibilit\u00e9<\/a>\n                    <img loading=\"lazy\" decoding=\"async\" width=\"1080\" height=\"1080\" src=\"https:\/\/i0.wp.com\/airleakcontrol.com\/wp-content\/uploads\/2025\/12\/produits-air-leak-conttrol-19.png?fit=1080%2C1080&amp;ssl=1\" class=\"attachment-full size-full\" alt=\"\" \/>\n                <\/div>\n            <\/div><div class=\"ebpg-entry-wrapper\"><header class=\"ebpg-entry-header\">\n            <h2 class=\"ebpg-entry-title\">\n                <a class=\"ebpg-carousel-post-link\" href=\"https:\/\/airleakcontrol.com\/fr\/ct11-architecture-modulaire-pour-la-haute-performance-et-la-flexibilite\/\" title=\"ct11:architecturemodulairepourlahauteperformanceetla\">CT11 : Architecture Modulaire pour la Haute Performance et la<\/a>\n            <\/h2>\n        <\/header><div class=\"ebpg-entry-content\"><div class=\"ebpg-carousel-post-excerpt\">\n            <p>Le Air Leak Control CT11 propose une architecture de test modulaire et d\u00e9centralis\u00e9e,con\u00e7ue pour optimiser l&rsquo;efficacit\u00e9 \n\n\n\nde vos lignes de&#8230;<\/p>\n        <\/div><\/div><\/div><\/div><\/article>            <\/div>\n        <\/div>\n    <\/div>\n<\/div>\n\n\n<div class=\"wp-block-columns is-style-section-4 is-layout-flex wp-container-core-columns-is-layout-28f84493 wp-block-columns-is-layout-flex is-style-section-4--1\">\n<div class=\"wp-block-column is-layout-flow wp-block-column-is-layout-flow\">\n<figure class=\"wp-block-video\"><video height=\"1080\" style=\"aspect-ratio: 1920 \/ 1080;\" width=\"1920\" controls src=\"https:\/\/airleakcontrol.com\/wp-content\/uploads\/2025\/12\/Design-sans-titre-finale.mp4\"><\/video><\/figure>\n<\/div>\n\n\n\n<div class=\"wp-block-column is-layout-flow wp-container-core-column-is-layout-8a368f38 wp-block-column-is-layout-flow\" style=\"flex-basis:400px\">\n<div style=\"height:26px\" aria-hidden=\"true\" class=\"wp-block-spacer\"><\/div>\n\n\n\n<h2 class=\"wp-block-heading\">Nos Cat\u00e9gories :<\/h2>\n\n\n\n<div style=\"height:53px\" aria-hidden=\"true\" class=\"wp-block-spacer\"><\/div>\n\n\n\n<div class=\"eb-parent-wrapper eb-parent-eb-taxonomy-vs19q root-eb-taxonomy-vs19q \">\n    <div class=\"eb-taxonomies-wrapper eb-taxonomy-vs19q  display-inline\"\n        data-id=\"eb-taxonomy-vs19q\">\n        <div class=\"eb-tax-wrap\"><span class=\"eb-tax-item\"><a href=\"https:\/\/airleakcontrol.com\/fr\/category\/les-accessoires\/\" title=\"les Accessoires\">les Accessoires<\/a><\/span><span class=\"eb-tax-item\"><a href=\"https:\/\/airleakcontrol.com\/fr\/category\/machine-de-test-detancheite\/\" title=\"Machine de test d\u2019\u00e9tanch\u00e8it\u00e9\">Machine de test d\u2019\u00e9tanch\u00e8it\u00e9<\/a><\/span><span class=\"eb-tax-item\"><a href=\"https:\/\/airleakcontrol.com\/fr\/category\/mesure-de-debit\/\" title=\"Mesure de d\u00e9bit\">Mesure de d\u00e9bit<\/a><\/span><span class=\"eb-tax-item\"><a href=\"https:\/\/airleakcontrol.com\/fr\/category\/test-de-fuite\/\" title=\"Test de Fuite\">Test de Fuite<\/a><\/span><\/div>    <\/div>\n<\/div><\/div>\n<\/div>\n\n\n\n<p><\/p>\n","protected":false},"excerpt":{"rendered":"<p>Solutions Professionnelles de Test &amp; Mesure Industrielle Nos Cat\u00e9gories :<\/p>\n","protected":false},"author":1,"featured_media":0,"parent":0,"menu_order":0,"comment_status":"closed","ping_status":"closed","template":"","meta":{"_eb_attr":"","footnotes":""},"class_list":["post-434","page","type-page","status-publish","hentry"],"jetpack_sharing_enabled":true,"_links":{"self":[{"href":"https:\/\/airleakcontrol.com\/fr\/wp-json\/wp\/v2\/pages\/434","targetHints":{"allow":["GET"]}}],"collection":[{"href":"https:\/\/airleakcontrol.com\/fr\/wp-json\/wp\/v2\/pages"}],"about":[{"href":"https:\/\/airleakcontrol.com\/fr\/wp-json\/wp\/v2\/types\/page"}],"author":[{"embeddable":true,"href":"https:\/\/airleakcontrol.com\/fr\/wp-json\/wp\/v2\/users\/1"}],"replies":[{"embeddable":true,"href":"https:\/\/airleakcontrol.com\/fr\/wp-json\/wp\/v2\/comments?post=434"}],"version-history":[{"count":22,"href":"https:\/\/airleakcontrol.com\/fr\/wp-json\/wp\/v2\/pages\/434\/revisions"}],"predecessor-version":[{"id":992,"href":"https:\/\/airleakcontrol.com\/fr\/wp-json\/wp\/v2\/pages\/434\/revisions\/992"}],"wp:attachment":[{"href":"https:\/\/airleakcontrol.com\/fr\/wp-json\/wp\/v2\/media?parent=434"}],"curies":[{"name":"wp","href":"https:\/\/api.w.org\/{rel}","templated":true}]}}